{"id":45,"date":"2018-03-20T16:30:18","date_gmt":"2018-03-20T15:30:18","guid":{"rendered":"http:\/\/peterlisboa.com\/?page_id=45"},"modified":"2019-02-15T17:54:13","modified_gmt":"2019-02-15T16:54:13","slug":"impressum","status":"publish","type":"page","link":"https:\/\/peterlisboa.com\/pt\/impressum\/","title":{"rendered":"Impressum"},"content":{"rendered":"<p>Artista Respons\u00e1vel:<\/p>\n<p>Peter Lisboa Arndt<br \/>\nIm Neuland 15 1\/2<br \/>\n86169 Augsburg<br \/>\nAlemanha<\/p>\n<p>Email: &#x6d;&#97;i&#x6c;&#64;p&#x65;&#116;e&#x72;&#x6c;&#105;&#x73;&#x62;&#111;a&#x2e;&#99;o&#x6d;<\/p>\n<p>01707007352<\/p>\n<p>Todas as fotos usadas neste site s\u00e3o de nossa pr\u00f3pria produ\u00e7\u00e3o e est\u00e3o sujeitas a direitos autorais.<br \/>\nSe voc\u00ea est\u00e1 interessado em uma foto, entre em contato comigo!<\/p>\n<p>Este site foi criado com o apoio amig\u00e1vel de:<br \/>\n<img decoding=\"async\" loading=\"lazy\" src=\"http:\/\/peterlisboa.com\/wp-content\/uploads\/2018\/03\/weissrund.png\" alt=\"AsTiNA Agentur Webdesign Augsburg\" width=\"200\" height=\"113\" class=\"alignnone size-full wp-image-170\" \/><br \/><a href=\"https:\/\/www.astina.de\/webdesign-suchmaschinenmarketing.html\" rel=\"noopener\" target=\"_blank\">AsTiNA Agentur<br \/>Webdesign Augsburg<\/a><\/p>","protected":false},"excerpt":{"rendered":"<p>Artista Respons\u00e1vel: Peter Lisboa Arndt Im Neuland 15 1\/2 86169 Augsburg Alemanha Email: m&#97;&#x69;&#x6c;&#64;&#112;&#101;&#x74;&#x65;r&#108;&#105;&#x73;&#x62;o&#97;&#x2e;&#x63;&#x6f;m 01707007352 Todas as fotos usadas neste site s\u00e3o de nossa pr\u00f3pria produ\u00e7\u00e3o e est\u00e3o sujeitas a direitos autorais. Se voc\u00ea est\u00e1 interessado em uma foto, entre em contato comigo! Este site foi criado com o apoio amig\u00e1vel de: AsTiNA AgenturWebdesign Augsburg<\/p>\n","protected":false},"author":1,"featured_media":0,"parent":0,"menu_order":0,"comment_status":"closed","ping_status":"closed","template":"","meta":[],"yoast_head":"<!-- This site is optimized with the Yoast SEO plugin v21.1 - https:\/\/yoast.com\/wordpress\/plugins\/seo\/ -->\n<title>Impressum - Peter Lisboa<\/title>\n<meta name=\"robots\" content=\"index, follow, max-snippet:-1, max-image-preview:large, max-video-preview:-1\" \/>\n<link rel=\"canonical\" href=\"https:\/\/peterlisboa.com\/impressum\/\" \/>\n<meta name=\"twitter:label1\" content=\"Tempo estimado de leitura\" \/>\n\t<meta name=\"twitter:data1\" content=\"1 minuto\" \/>\n<script type=\"application\/ld+json\" class=\"yoast-schema-graph\">{\"@context\":\"https:\/\/schema.org\",\"@graph\":[{\"@type\":\"WebPage\",\"@id\":\"https:\/\/peterlisboa.com\/impressum\/\",\"url\":\"https:\/\/peterlisboa.com\/impressum\/\",\"name\":\"Impressum - Peter Lisboa\",\"isPartOf\":{\"@id\":\"https:\/\/peterlisboa.com\/#website\"},\"datePublished\":\"2018-03-20T15:30:18+00:00\",\"dateModified\":\"2019-02-15T16:54:13+00:00\",\"breadcrumb\":{\"@id\":\"https:\/\/peterlisboa.com\/impressum\/#breadcrumb\"},\"inLanguage\":\"pt-PT\",\"potentialAction\":[{\"@type\":\"ReadAction\",\"target\":[\"https:\/\/peterlisboa.com\/impressum\/\"]}]},{\"@type\":\"BreadcrumbList\",\"@id\":\"https:\/\/peterlisboa.com\/impressum\/#breadcrumb\",\"itemListElement\":[{\"@type\":\"ListItem\",\"position\":1,\"name\":\"Startseite\",\"item\":\"https:\/\/peterlisboa.com\/\"},{\"@type\":\"ListItem\",\"position\":2,\"name\":\"Impressum\"}]},{\"@type\":\"WebSite\",\"@id\":\"https:\/\/peterlisboa.com\/#website\",\"url\":\"https:\/\/peterlisboa.com\/\",\"name\":\"Peter Lisboa\",\"description\":\"Acoustic Rock\",\"publisher\":{\"@id\":\"https:\/\/peterlisboa.com\/#organization\"},\"potentialAction\":[{\"@type\":\"SearchAction\",\"target\":{\"@type\":\"EntryPoint\",\"urlTemplate\":\"https:\/\/peterlisboa.com\/?s={search_term_string}\"},\"query-input\":\"required name=search_term_string\"}],\"inLanguage\":\"pt-PT\"},{\"@type\":\"Organization\",\"@id\":\"https:\/\/peterlisboa.com\/#organization\",\"name\":\"Peter Lisboa\",\"url\":\"https:\/\/peterlisboa.com\/\",\"logo\":{\"@type\":\"ImageObject\",\"inLanguage\":\"pt-PT\",\"@id\":\"https:\/\/peterlisboa.com\/#\/schema\/logo\/image\/\",\"url\":\"https:\/\/peterlisboa.com\/wp-content\/uploads\/2019\/04\/PL-e1554421659209.jpg\",\"contentUrl\":\"https:\/\/peterlisboa.com\/wp-content\/uploads\/2019\/04\/PL-e1554421659209.jpg\",\"width\":2000,\"height\":1331,\"caption\":\"Peter Lisboa\"},\"image\":{\"@id\":\"https:\/\/peterlisboa.com\/#\/schema\/logo\/image\/\"},\"sameAs\":[\"https:\/\/www.facebook.com\/BacktoTejo\",\"https:\/\/www.youtube.com\/user\/PeterLisboa66\"]}]}<\/script>\n<!-- \/ Yoast SEO plugin. -->","yoast_head_json":{"title":"Impressum - Peter Lisboa","robots":{"index":"index","follow":"follow","max-snippet":"max-snippet:-1","max-image-preview":"max-image-preview:large","max-video-preview":"max-video-preview:-1"},"canonical":"https:\/\/peterlisboa.com\/impressum\/","twitter_misc":{"Tempo estimado de leitura":"1 minuto"},"schema":{"@context":"https:\/\/schema.org","@graph":[{"@type":"WebPage","@id":"https:\/\/peterlisboa.com\/impressum\/","url":"https:\/\/peterlisboa.com\/impressum\/","name":"Impressum - Peter Lisboa","isPartOf":{"@id":"https:\/\/peterlisboa.com\/#website"},"datePublished":"2018-03-20T15:30:18+00:00","dateModified":"2019-02-15T16:54:13+00:00","breadcrumb":{"@id":"https:\/\/peterlisboa.com\/impressum\/#breadcrumb"},"inLanguage":"pt-PT","potentialAction":[{"@type":"ReadAction","target":["https:\/\/peterlisboa.com\/impressum\/"]}]},{"@type":"BreadcrumbList","@id":"https:\/\/peterlisboa.com\/impressum\/#breadcrumb","itemListElement":[{"@type":"ListItem","position":1,"name":"Startseite","item":"https:\/\/peterlisboa.com\/"},{"@type":"ListItem","position":2,"name":"Impressum"}]},{"@type":"WebSite","@id":"https:\/\/peterlisboa.com\/#website","url":"https:\/\/peterlisboa.com\/","name":"Peter Lisboa","description":"Acoustic Rock","publisher":{"@id":"https:\/\/peterlisboa.com\/#organization"},"potentialAction":[{"@type":"SearchAction","target":{"@type":"EntryPoint","urlTemplate":"https:\/\/peterlisboa.com\/?s={search_term_string}"},"query-input":"required name=search_term_string"}],"inLanguage":"pt-PT"},{"@type":"Organization","@id":"https:\/\/peterlisboa.com\/#organization","name":"Peter Lisboa","url":"https:\/\/peterlisboa.com\/","logo":{"@type":"ImageObject","inLanguage":"pt-PT","@id":"https:\/\/peterlisboa.com\/#\/schema\/logo\/image\/","url":"https:\/\/peterlisboa.com\/wp-content\/uploads\/2019\/04\/PL-e1554421659209.jpg","contentUrl":"https:\/\/peterlisboa.com\/wp-content\/uploads\/2019\/04\/PL-e1554421659209.jpg","width":2000,"height":1331,"caption":"Peter Lisboa"},"image":{"@id":"https:\/\/peterlisboa.com\/#\/schema\/logo\/image\/"},"sameAs":["https:\/\/www.facebook.com\/BacktoTejo","https:\/\/www.youtube.com\/user\/PeterLisboa66"]}]}},"_links":{"self":[{"href":"https:\/\/peterlisboa.com\/pt\/wp-json\/wp\/v2\/pages\/45"}],"collection":[{"href":"https:\/\/peterlisboa.com\/pt\/wp-json\/wp\/v2\/pages"}],"about":[{"href":"https:\/\/peterlisboa.com\/pt\/wp-json\/wp\/v2\/types\/page"}],"author":[{"embeddable":true,"href":"https:\/\/peterlisboa.com\/pt\/wp-json\/wp\/v2\/users\/1"}],"replies":[{"embeddable":true,"href":"https:\/\/peterlisboa.com\/pt\/wp-json\/wp\/v2\/comments?post=45"}],"version-history":[{"count":10,"href":"https:\/\/peterlisboa.com\/pt\/wp-json\/wp\/v2\/pages\/45\/revisions"}],"predecessor-version":[{"id":355,"href":"https:\/\/peterlisboa.com\/pt\/wp-json\/wp\/v2\/pages\/45\/revisions\/355"}],"wp:attachment":[{"href":"https:\/\/peterlisboa.com\/pt\/wp-json\/wp\/v2\/media?parent=45"}],"curies":[{"name":"wp","href":"https:\/\/api.w.org\/{rel}","templated":true}]}}