{"id":406,"date":"2019-05-25T09:29:54","date_gmt":"2019-05-25T07:29:54","guid":{"rendered":"https:\/\/peterlisboa.com\/?page_id=406"},"modified":"2019-12-08T18:14:19","modified_gmt":"2019-12-08T17:14:19","slug":"start","status":"publish","type":"page","link":"https:\/\/peterlisboa.com\/pt\/start\/","title":{"rendered":"(Deutsch) Peter Lisboa"},"content":{"rendered":"<p class=\"qtranxs-available-languages-message qtranxs-available-languages-message-pt\">Desculpe, este conte\u00fado s\u00f3 est\u00e1 dispon\u00edvel em <a href=\"https:\/\/peterlisboa.com\/de\/wp-json\/wp\/v2\/pages\/406\" class=\"qtranxs-available-language-link qtranxs-available-language-link-de\" title=\"Deutsch\">Alem\u00e3o<\/a>.<\/p>","protected":false},"excerpt":{"rendered":"","protected":false},"author":1,"featured_media":0,"parent":0,"menu_order":0,"comment_status":"closed","ping_status":"closed","template":"","meta":[],"yoast_head":"<!-- This site is optimized with the Yoast SEO plugin v21.1 - https:\/\/yoast.com\/wordpress\/plugins\/seo\/ -->\n<title>(Deutsch) Peter Lisboa - Peter Lisboa<\/title>\n<meta name=\"robots\" content=\"index, follow, max-snippet:-1, max-image-preview:large, max-video-preview:-1\" \/>\n<link rel=\"canonical\" href=\"https:\/\/peterlisboa.com\/start\/\" \/>\n<script type=\"application\/ld+json\" class=\"yoast-schema-graph\">{\"@context\":\"https:\/\/schema.org\",\"@graph\":[{\"@type\":\"WebPage\",\"@id\":\"https:\/\/peterlisboa.com\/start\/\",\"url\":\"https:\/\/peterlisboa.com\/start\/\",\"name\":\"(Deutsch) Peter Lisboa - Peter Lisboa\",\"isPartOf\":{\"@id\":\"https:\/\/peterlisboa.com\/#website\"},\"datePublished\":\"2019-05-25T07:29:54+00:00\",\"dateModified\":\"2019-12-08T17:14:19+00:00\",\"breadcrumb\":{\"@id\":\"https:\/\/peterlisboa.com\/start\/#breadcrumb\"},\"inLanguage\":\"pt-PT\",\"potentialAction\":[{\"@type\":\"ReadAction\",\"target\":[\"https:\/\/peterlisboa.com\/start\/\"]}]},{\"@type\":\"BreadcrumbList\",\"@id\":\"https:\/\/peterlisboa.com\/start\/#breadcrumb\",\"itemListElement\":[{\"@type\":\"ListItem\",\"position\":1,\"name\":\"Startseite\",\"item\":\"https:\/\/peterlisboa.com\/\"},{\"@type\":\"ListItem\",\"position\":2,\"name\":\"Peter Lisboa\"}]},{\"@type\":\"WebSite\",\"@id\":\"https:\/\/peterlisboa.com\/#website\",\"url\":\"https:\/\/peterlisboa.com\/\",\"name\":\"Peter Lisboa\",\"description\":\"Acoustic Rock\",\"publisher\":{\"@id\":\"https:\/\/peterlisboa.com\/#organization\"},\"potentialAction\":[{\"@type\":\"SearchAction\",\"target\":{\"@type\":\"EntryPoint\",\"urlTemplate\":\"https:\/\/peterlisboa.com\/?s={search_term_string}\"},\"query-input\":\"required name=search_term_string\"}],\"inLanguage\":\"pt-PT\"},{\"@type\":\"Organization\",\"@id\":\"https:\/\/peterlisboa.com\/#organization\",\"name\":\"Peter Lisboa\",\"url\":\"https:\/\/peterlisboa.com\/\",\"logo\":{\"@type\":\"ImageObject\",\"inLanguage\":\"pt-PT\",\"@id\":\"https:\/\/peterlisboa.com\/#\/schema\/logo\/image\/\",\"url\":\"https:\/\/peterlisboa.com\/wp-content\/uploads\/2019\/04\/PL-e1554421659209.jpg\",\"contentUrl\":\"https:\/\/peterlisboa.com\/wp-content\/uploads\/2019\/04\/PL-e1554421659209.jpg\",\"width\":2000,\"height\":1331,\"caption\":\"Peter Lisboa\"},\"image\":{\"@id\":\"https:\/\/peterlisboa.com\/#\/schema\/logo\/image\/\"},\"sameAs\":[\"https:\/\/www.facebook.com\/BacktoTejo\",\"https:\/\/www.youtube.com\/user\/PeterLisboa66\"]}]}<\/script>\n<!-- \/ Yoast SEO plugin. -->","yoast_head_json":{"title":"(Deutsch) Peter Lisboa - Peter Lisboa","robots":{"index":"index","follow":"follow","max-snippet":"max-snippet:-1","max-image-preview":"max-image-preview:large","max-video-preview":"max-video-preview:-1"},"canonical":"https:\/\/peterlisboa.com\/start\/","schema":{"@context":"https:\/\/schema.org","@graph":[{"@type":"WebPage","@id":"https:\/\/peterlisboa.com\/start\/","url":"https:\/\/peterlisboa.com\/start\/","name":"(Deutsch) Peter Lisboa - Peter Lisboa","isPartOf":{"@id":"https:\/\/peterlisboa.com\/#website"},"datePublished":"2019-05-25T07:29:54+00:00","dateModified":"2019-12-08T17:14:19+00:00","breadcrumb":{"@id":"https:\/\/peterlisboa.com\/start\/#breadcrumb"},"inLanguage":"pt-PT","potentialAction":[{"@type":"ReadAction","target":["https:\/\/peterlisboa.com\/start\/"]}]},{"@type":"BreadcrumbList","@id":"https:\/\/peterlisboa.com\/start\/#breadcrumb","itemListElement":[{"@type":"ListItem","position":1,"name":"Startseite","item":"https:\/\/peterlisboa.com\/"},{"@type":"ListItem","position":2,"name":"Peter Lisboa"}]},{"@type":"WebSite","@id":"https:\/\/peterlisboa.com\/#website","url":"https:\/\/peterlisboa.com\/","name":"Peter Lisboa","description":"Acoustic Rock","publisher":{"@id":"https:\/\/peterlisboa.com\/#organization"},"potentialAction":[{"@type":"SearchAction","target":{"@type":"EntryPoint","urlTemplate":"https:\/\/peterlisboa.com\/?s={search_term_string}"},"query-input":"required name=search_term_string"}],"inLanguage":"pt-PT"},{"@type":"Organization","@id":"https:\/\/peterlisboa.com\/#organization","name":"Peter Lisboa","url":"https:\/\/peterlisboa.com\/","logo":{"@type":"ImageObject","inLanguage":"pt-PT","@id":"https:\/\/peterlisboa.com\/#\/schema\/logo\/image\/","url":"https:\/\/peterlisboa.com\/wp-content\/uploads\/2019\/04\/PL-e1554421659209.jpg","contentUrl":"https:\/\/peterlisboa.com\/wp-content\/uploads\/2019\/04\/PL-e1554421659209.jpg","width":2000,"height":1331,"caption":"Peter Lisboa"},"image":{"@id":"https:\/\/peterlisboa.com\/#\/schema\/logo\/image\/"},"sameAs":["https:\/\/www.facebook.com\/BacktoTejo","https:\/\/www.youtube.com\/user\/PeterLisboa66"]}]}},"_links":{"self":[{"href":"https:\/\/peterlisboa.com\/pt\/wp-json\/wp\/v2\/pages\/406"}],"collection":[{"href":"https:\/\/peterlisboa.com\/pt\/wp-json\/wp\/v2\/pages"}],"about":[{"href":"https:\/\/peterlisboa.com\/pt\/wp-json\/wp\/v2\/types\/page"}],"author":[{"embeddable":true,"href":"https:\/\/peterlisboa.com\/pt\/wp-json\/wp\/v2\/users\/1"}],"replies":[{"embeddable":true,"href":"https:\/\/peterlisboa.com\/pt\/wp-json\/wp\/v2\/comments?post=406"}],"version-history":[{"count":2,"href":"https:\/\/peterlisboa.com\/pt\/wp-json\/wp\/v2\/pages\/406\/revisions"}],"predecessor-version":[{"id":418,"href":"https:\/\/peterlisboa.com\/pt\/wp-json\/wp\/v2\/pages\/406\/revisions\/418"}],"wp:attachment":[{"href":"https:\/\/peterlisboa.com\/pt\/wp-json\/wp\/v2\/media?parent=406"}],"curies":[{"name":"wp","href":"https:\/\/api.w.org\/{rel}","templated":true}]}}