{"id":4,"date":"2018-03-20T13:51:48","date_gmt":"2018-03-20T12:51:48","guid":{"rendered":"http:\/\/peterlisboa.com\/?page_id=4"},"modified":"2020-02-11T11:19:07","modified_gmt":"2020-02-11T10:19:07","slug":"peter-lisboa","status":"publish","type":"page","link":"https:\/\/peterlisboa.com\/pt\/","title":{"rendered":"Sobre mim"},"content":{"rendered":"<p><\/p>\n<h2>Peter Lisboa Cantor e compositor de Augsburg<\/h2>\n<p>O cantor e guitarrista Peter Lisboa Arndt nasceu em Augsburg em 1963. O apelido &#8220;Lisboa&#8221; acabou por ser adicionado ao longo do tempo ap\u00f3s o m\u00fasico passar um tempo e novamente em Portugal. E tamb\u00e9m fez regularmente m\u00fasica de rua em Lisboa e lan\u00e7ou uma homenagem musical ao &#8220;seu&#8221; Portugal com o seu \u00e1lbum &#8220;<a href=\"https:\/\/youtu.be\/C1mO46P31B8\" rel=\"noopener noreferrer\" target=\"_blank\">Back to Tejo<\/a>&#8220;.<\/p>\n<figure id=\"attachment_88\" aria-describedby=\"caption-attachment-88\" style=\"width: 261px\" class=\"wp-caption alignright\"><img decoding=\"async\" loading=\"lazy\" class=\"size-full wp-image-88\" src=\"http:\/\/peterlisboa.com\/wp-content\/uploads\/2018\/03\/29261463_1570925069691794_6107659978443587584_n-1.jpg\" alt=\"Peter Lisboa\" width=\"261\" height=\"195\" \/><figcaption id=\"caption-attachment-88\" class=\"wp-caption-text\">Peter Lisboa<\/figcaption><\/figure>\n<p>A carreira musical de Peter Lisboa come\u00e7ou no final dos anos 70 em v\u00e1rias bandas escolares. Juntamente com o falecido guitarrista Heinz Bermann e o baixista Ralf Steikowski, ele fundou a banda Greyhound no in\u00edcio dos anos 80. E essa banda contou at\u00e9 1984 entre as principais forma\u00e7\u00f5es rochosas em Augsburg. Tamb\u00e9m nos anos 80 ele fundou junto com Gebi Gebhard e Andi Schweiger a Associa\u00e7\u00e3o Cultural KUKI, a qual ele deveria permanecer fiel ao conselho durante v\u00e1rios anos. Em seguida, seguiu alguns anos como cantor com a banda de hard rock Kick Down (1985 &#8211; 1987). E em 1989, a banda de rock Frantic Club come\u00e7ou seu tempo musicalmente mais bem-sucedido. Aqui ele escreveu mais de 50 m\u00fasicas pr\u00f3prias, que depois foram parcialmente lan\u00e7adas.<\/p>\n<p>Ainda com Frantic Club ele ganhou o primeiro Pop Albert (competi\u00e7\u00e3o de jovens talentos) no in\u00edcio dos anos 90. Isto foi seguido por uma turn\u00ea da Bielorr\u00fassia e v\u00e1rios shows em toda a Alemanha. Juntamente com Manfred Hecker e seu irm\u00e3o Stefan Arndt ele fundou 1992 The Fat Hop Sings. Ent\u00e3o, em meados dos anos 90, ele se juntou ao Top 40 da banda Newport como cantor e guitarrista. Ent\u00e3o, em 2000, seu \u00e1lbum &#8220;Back To Tejo&#8221; \u00e9 lan\u00e7ado. Isto foi muito bem sucedido, especialmente na regi\u00e3o asi\u00e1tica. E sobre isso, por exemplo, m\u00fasicas de seu tempo com o Frantic Club podem ser ouvidas.<\/p>\n<p>Peter Lisboa viveu e trabalhou at\u00e9 2005 no Laos \/ Sudeste Asi\u00e1tico. L\u00e1, tamb\u00e9m, ele se apresenta regularmente no palco com v\u00e1rias bandas.<\/p>\n<h3>De volta a Augsburgo<\/h3>\n<p>Depois de voltar para sua casa na Baviera em Augsburg em 2006, ele fundou a banda Peter Lisboa &amp; amp; A gangue de sulco ac\u00fastico. Ent\u00e3o, em 2014\/15, ele tocou Rock Ac\u00fastico no trio Los Rockzipflos, juntamente com as guitarras de rock de Augsburg, Hero Schludi e a cantora Mella Mania.<\/p>\n<p>Al\u00e9m disso, por exemplo, o Soulfood Acoustic Project foi fundado em 2014 com membros de Newport e o cantor Manu Thoms. Ele toca viol\u00e3o e canta o fundo. Uma caracter\u00edstica especial: A banda de Augsburg se apresenta com um excelente quarteto de cordas.<\/p>\n<p><img decoding=\"async\" loading=\"lazy\" class=\"size-full wp-image-83 alignleft\" src=\"http:\/\/peterlisboa.com\/wp-content\/uploads\/2018\/03\/29244732_1570918149692486_251279788956712960_n-1.jpg\" alt=\"Peter Lisboa\" width=\"261\" height=\"146\" \/>Desde 2012, Peter Lisboa toca principalmente com o guitarrista argentino Daniel Vazquez. Os dois s\u00e3o considerados brilhante duo de guitarra e jogar uma mistura musical do rock ac\u00fastico, folk, rock pa\u00eds e um toque de bluegrass.<\/p>\n<p>A imprensa refere-se a Peter Lisboa z. B. como &#8220;&#8230; Bruce Springsteen da Su\u00e1bia da Baviera &#8230; seus concertos s\u00e3o uma brilhante jornada atrav\u00e9s da hist\u00f3ria da m\u00fasica rock &#8230;&#8221;<\/p>\n<p>Enquanto isso, Peter Lisboa tamb\u00e9m \u00e9 bem sucedido na internet. Para z. Por exemplo, seu canal do YouTube recebeu v\u00e1rios inscritos e dezenas de milhares de visitantes at\u00e9 o momento.<\/p>\n<p><a href=\"http:\/\/peterlisboa.com\/neuigkeiten\/\" target=\"_blank\" rel=\"noopener noreferrer\">What\u00b4s new?<\/a><\/p>\n<p><a href=\"https:\/\/www.astina.de\" target=\"_blank\" rel=\"noopener noreferrer\">Peter Lisboa supported by AsTiNA IT-Dienstleistungen<\/a><\/p>","protected":false},"excerpt":{"rendered":"<p>Peter Lisboa Cantor e compositor de Augsburg O cantor e guitarrista Peter Lisboa Arndt nasceu em Augsburg em 1963. O apelido &#8220;Lisboa&#8221; acabou por ser adicionado ao longo do tempo ap\u00f3s o m\u00fasico passar um tempo e novamente em Portugal. E tamb\u00e9m fez regularmente m\u00fasica de rua em Lisboa e lan\u00e7ou uma homenagem musical ao&hellip; <a href=\"https:\/\/peterlisboa.com\/pt\/\" class=\"read-more\">Continue reading Sobre mim<\/a><\/p>\n","protected":false},"author":1,"featured_media":387,"parent":0,"menu_order":0,"comment_status":"closed","ping_status":"closed","template":"","meta":[],"yoast_head":"<!-- This site is optimized with the Yoast SEO plugin v21.1 - https:\/\/yoast.com\/wordpress\/plugins\/seo\/ -->\n<title>Peter Lisboa Acoustic Rock Singer\/Songwriter by AsTiNA Webdesign Augsburg<\/title>\n<meta name=\"description\" content=\"Peter Lisboa Acoustic Rock Singer\/Songwriter aus Augsburg. Der S\u00e4nger und Gitarrist Peter \u201eLisboa\u201c Arndt wurde 1963 in Augsburg geboren.\" \/>\n<meta name=\"robots\" content=\"index, follow, max-snippet:-1, max-image-preview:large, max-video-preview:-1\" \/>\n<link rel=\"canonical\" href=\"https:\/\/peterlisboa.com\/\" \/>\n<meta name=\"twitter:label1\" content=\"Tempo estimado de leitura\" \/>\n\t<meta name=\"twitter:data1\" content=\"8 minutos\" \/>\n<script type=\"application\/ld+json\" class=\"yoast-schema-graph\">{\"@context\":\"https:\/\/schema.org\",\"@graph\":[{\"@type\":\"WebPage\",\"@id\":\"https:\/\/peterlisboa.com\/\",\"url\":\"https:\/\/peterlisboa.com\/\",\"name\":\"Peter Lisboa Acoustic Rock Singer\/Songwriter by AsTiNA Webdesign Augsburg\",\"isPartOf\":{\"@id\":\"https:\/\/peterlisboa.com\/#website\"},\"datePublished\":\"2018-03-20T12:51:48+00:00\",\"dateModified\":\"2020-02-11T10:19:07+00:00\",\"description\":\"Peter Lisboa Acoustic Rock Singer\/Songwriter aus Augsburg. Der S\u00e4nger und Gitarrist Peter \u201eLisboa\u201c Arndt wurde 1963 in Augsburg geboren.\",\"breadcrumb\":{\"@id\":\"https:\/\/peterlisboa.com\/#breadcrumb\"},\"inLanguage\":\"pt-PT\",\"potentialAction\":[{\"@type\":\"ReadAction\",\"target\":[\"https:\/\/peterlisboa.com\/\"]}]},{\"@type\":\"BreadcrumbList\",\"@id\":\"https:\/\/peterlisboa.com\/#breadcrumb\",\"itemListElement\":[{\"@type\":\"ListItem\",\"position\":1,\"name\":\"Startseite\",\"item\":\"https:\/\/peterlisboa.com\/\"},{\"@type\":\"ListItem\",\"position\":2,\"name\":\"\u00dcber mich\"}]},{\"@type\":\"WebSite\",\"@id\":\"https:\/\/peterlisboa.com\/#website\",\"url\":\"https:\/\/peterlisboa.com\/\",\"name\":\"Peter Lisboa\",\"description\":\"Acoustic Rock\",\"publisher\":{\"@id\":\"https:\/\/peterlisboa.com\/#organization\"},\"potentialAction\":[{\"@type\":\"SearchAction\",\"target\":{\"@type\":\"EntryPoint\",\"urlTemplate\":\"https:\/\/peterlisboa.com\/?s={search_term_string}\"},\"query-input\":\"required name=search_term_string\"}],\"inLanguage\":\"pt-PT\"},{\"@type\":\"Organization\",\"@id\":\"https:\/\/peterlisboa.com\/#organization\",\"name\":\"Peter Lisboa\",\"url\":\"https:\/\/peterlisboa.com\/\",\"logo\":{\"@type\":\"ImageObject\",\"inLanguage\":\"pt-PT\",\"@id\":\"https:\/\/peterlisboa.com\/#\/schema\/logo\/image\/\",\"url\":\"https:\/\/peterlisboa.com\/wp-content\/uploads\/2019\/04\/PL-e1554421659209.jpg\",\"contentUrl\":\"https:\/\/peterlisboa.com\/wp-content\/uploads\/2019\/04\/PL-e1554421659209.jpg\",\"width\":2000,\"height\":1331,\"caption\":\"Peter Lisboa\"},\"image\":{\"@id\":\"https:\/\/peterlisboa.com\/#\/schema\/logo\/image\/\"},\"sameAs\":[\"https:\/\/www.facebook.com\/BacktoTejo\",\"https:\/\/www.youtube.com\/user\/PeterLisboa66\"]}]}<\/script>\n<!-- \/ Yoast SEO plugin. -->","yoast_head_json":{"title":"Peter Lisboa Acoustic Rock Singer\/Songwriter by AsTiNA Webdesign Augsburg","description":"Peter Lisboa Acoustic Rock Singer\/Songwriter aus Augsburg. Der S\u00e4nger und Gitarrist Peter \u201eLisboa\u201c Arndt wurde 1963 in Augsburg geboren.","robots":{"index":"index","follow":"follow","max-snippet":"max-snippet:-1","max-image-preview":"max-image-preview:large","max-video-preview":"max-video-preview:-1"},"canonical":"https:\/\/peterlisboa.com\/","twitter_misc":{"Tempo estimado de leitura":"8 minutos"},"schema":{"@context":"https:\/\/schema.org","@graph":[{"@type":"WebPage","@id":"https:\/\/peterlisboa.com\/","url":"https:\/\/peterlisboa.com\/","name":"Peter Lisboa Acoustic Rock Singer\/Songwriter by AsTiNA Webdesign Augsburg","isPartOf":{"@id":"https:\/\/peterlisboa.com\/#website"},"datePublished":"2018-03-20T12:51:48+00:00","dateModified":"2020-02-11T10:19:07+00:00","description":"Peter Lisboa Acoustic Rock Singer\/Songwriter aus Augsburg. Der S\u00e4nger und Gitarrist Peter \u201eLisboa\u201c Arndt wurde 1963 in Augsburg geboren.","breadcrumb":{"@id":"https:\/\/peterlisboa.com\/#breadcrumb"},"inLanguage":"pt-PT","potentialAction":[{"@type":"ReadAction","target":["https:\/\/peterlisboa.com\/"]}]},{"@type":"BreadcrumbList","@id":"https:\/\/peterlisboa.com\/#breadcrumb","itemListElement":[{"@type":"ListItem","position":1,"name":"Startseite","item":"https:\/\/peterlisboa.com\/"},{"@type":"ListItem","position":2,"name":"\u00dcber mich"}]},{"@type":"WebSite","@id":"https:\/\/peterlisboa.com\/#website","url":"https:\/\/peterlisboa.com\/","name":"Peter Lisboa","description":"Acoustic Rock","publisher":{"@id":"https:\/\/peterlisboa.com\/#organization"},"potentialAction":[{"@type":"SearchAction","target":{"@type":"EntryPoint","urlTemplate":"https:\/\/peterlisboa.com\/?s={search_term_string}"},"query-input":"required name=search_term_string"}],"inLanguage":"pt-PT"},{"@type":"Organization","@id":"https:\/\/peterlisboa.com\/#organization","name":"Peter Lisboa","url":"https:\/\/peterlisboa.com\/","logo":{"@type":"ImageObject","inLanguage":"pt-PT","@id":"https:\/\/peterlisboa.com\/#\/schema\/logo\/image\/","url":"https:\/\/peterlisboa.com\/wp-content\/uploads\/2019\/04\/PL-e1554421659209.jpg","contentUrl":"https:\/\/peterlisboa.com\/wp-content\/uploads\/2019\/04\/PL-e1554421659209.jpg","width":2000,"height":1331,"caption":"Peter Lisboa"},"image":{"@id":"https:\/\/peterlisboa.com\/#\/schema\/logo\/image\/"},"sameAs":["https:\/\/www.facebook.com\/BacktoTejo","https:\/\/www.youtube.com\/user\/PeterLisboa66"]}]}},"_links":{"self":[{"href":"https:\/\/peterlisboa.com\/pt\/wp-json\/wp\/v2\/pages\/4"}],"collection":[{"href":"https:\/\/peterlisboa.com\/pt\/wp-json\/wp\/v2\/pages"}],"about":[{"href":"https:\/\/peterlisboa.com\/pt\/wp-json\/wp\/v2\/types\/page"}],"author":[{"embeddable":true,"href":"https:\/\/peterlisboa.com\/pt\/wp-json\/wp\/v2\/users\/1"}],"replies":[{"embeddable":true,"href":"https:\/\/peterlisboa.com\/pt\/wp-json\/wp\/v2\/comments?post=4"}],"version-history":[{"count":10,"href":"https:\/\/peterlisboa.com\/pt\/wp-json\/wp\/v2\/pages\/4\/revisions"}],"predecessor-version":[{"id":425,"href":"https:\/\/peterlisboa.com\/pt\/wp-json\/wp\/v2\/pages\/4\/revisions\/425"}],"wp:featuredmedia":[{"embeddable":true,"href":"https:\/\/peterlisboa.com\/pt\/wp-json\/wp\/v2\/media\/387"}],"wp:attachment":[{"href":"https:\/\/peterlisboa.com\/pt\/wp-json\/wp\/v2\/media?parent=4"}],"curies":[{"name":"wp","href":"https:\/\/api.w.org\/{rel}","templated":true}]}}