{"id":154,"date":"2018-03-21T17:27:41","date_gmt":"2018-03-21T16:27:41","guid":{"rendered":"http:\/\/peterlisboa.com\/?page_id=154"},"modified":"2019-04-05T02:00:13","modified_gmt":"2019-04-05T00:00:13","slug":"datenschutz","status":"publish","type":"page","link":"https:\/\/peterlisboa.com\/pt\/datenschutz\/","title":{"rendered":"Pol\u00edtica de Privacidade"},"content":{"rendered":"<p>Prote\u00e7\u00e3o de dados<\/p>\n<p>Esta Pol\u00edtica de Privacidade esclarece a natureza, o escopo e a finalidade do processamento de dados pessoais (doravante denominados &#8220;Dados&#8221;) em nossa oferta on-line e nos sites, recursos e conte\u00fado relacionados, bem como presen\u00e7a on-line externa, por exemplo nossos perfis de m\u00eddia social em. (coletivamente referido como &#8220;oferta on-line&#8221;). No que diz respeito \u00e0 terminologia utilizada, e. &#8220;Processamento&#8221; ou &#8220;Respons\u00e1vel&#8221;, nos referimos \u00e0s defini\u00e7\u00f5es do Artigo 4 do Regulamento Geral de Prote\u00e7\u00e3o de Dados (GDPR).<\/p>\n<p>Respons\u00e1vel<br \/>\nPeter Lisboa Arndt<br \/>\nNo novo territ\u00f3rio 15 1\/2<br \/>\n86169 Augsburg<br \/>\nAlemanha<\/p>\n<p>Email: &#x6d;&#x61;&#x69;&#x6c;&#64;&#112;&#101;&#116;erl&#x69;&#x73;&#x62;&#x6f;&#x61;&#46;&#99;&#111;m<\/p>\n<p>Telefone: +49 (0) 170 7007352<br \/>\nTipos de dados processados:<br \/>\n&#8211; Dados de invent\u00e1rio (por exemplo, nomes, endere\u00e7os).<br \/>\n&#8211; informa\u00e7\u00f5es de contato (por exemplo, e-mail, n\u00fameros de telefone).<br \/>\n&#8211; dados de conte\u00fado (por exemplo, entrada de texto, fotografias, v\u00eddeos).<br \/>\n&#8211; dados de uso (por exemplo, sites visitados, interesse em conte\u00fado, hor\u00e1rios de acesso).<br \/>\n&#8211; Dados de meta \/ comunica\u00e7\u00e3o (por exemplo, informa\u00e7\u00f5es do dispositivo, endere\u00e7os IP).<br \/>\nCategorias de pessoas afetadas<br \/>\nVisitantes e usu\u00e1rios da oferta on-line (daqui em diante nos referimos \u00e0s pessoas afetadas como &#8220;usu\u00e1rios&#8221;).<br \/>\nFinalidade do processamento<br \/>\n&#8211; Disponibiliza\u00e7\u00e3o da oferta online, suas fun\u00e7\u00f5es e conte\u00fados.<br \/>\n&#8211; Atender solicita\u00e7\u00f5es de contato e se comunicar com os usu\u00e1rios.<br \/>\n&#8211; Medidas de seguran\u00e7a.<br \/>\n&#8211; Alcance de Medi\u00e7\u00e3o \/ Marketing<br \/>\nTermos usados<br \/>\n&#8220;Dados pessoais&#8221; significa qualquer informa\u00e7\u00e3o relativa a uma pessoa singular identificada ou identific\u00e1vel (a seguir designada &#8220;pessoa em causa&#8221;); uma pessoa singular \u00e9 considerada identific\u00e1vel, que pode ser identificada direta ou indiretamente, em particular atrav\u00e9s da atribui\u00e7\u00e3o a um identificador como um nome, a um n\u00famero de identifica\u00e7\u00e3o, a dados de localiza\u00e7\u00e3o, a um identificador online (por exemplo, cookie) ou a um ou mais caracter\u00edsticas especiais, que expressam a identidade f\u00edsica, fisiol\u00f3gica, gen\u00e9tica, mental, econ\u00f4mica, cultural ou social desta pessoa natural.<\/p>\n<p>&#8220;Processamento&#8221; significa qualquer processo realizado com ou sem o aux\u00edlio de procedimentos automatizados ou qualquer processo associado a dados pessoais. O termo vai longe e inclui virtualmente toda manipula\u00e7\u00e3o de dados.<\/p>\n<p>&#8220;Pessoa respons\u00e1vel&#8221; significa a pessoa singular ou colectiva, autoridade p\u00fablica, organismo ou organismo que decide, sozinho ou em concerta\u00e7\u00e3o com outras pessoas, sobre os fins e meios de tratamento de dados pessoais.<br \/>\nBases jur\u00eddicas relevantes<br \/>\nDe acordo com o art. 13 GDPR, informamos sobre a base legal do nosso processamento de dados. A menos que a base legal na declara\u00e7\u00e3o de prote\u00e7\u00e3o de dados seja mencionada, aplica-se o seguinte: A base legal para obter o consentimento \u00e9 o Artigo 6 (1) lit. um e art. 7 DSGVO, a base legal para o processamento para a execu\u00e7\u00e3o de nossos servi\u00e7os e a execu\u00e7\u00e3o de medidas contratuais, bem como a resposta a indaga\u00e7\u00f5es \u00e9 o art. 6 (1) lit. b DSGVO, a base legal para processamento a fim de cumprir nossas obriga\u00e7\u00f5es legais \u00e9 o art. 6 (1) lit. c DSGVO, e a base jur\u00eddica para o tratamento, a fim de salvaguardar os nossos interesses leg\u00edtimos, \u00e9 o artigo 6.\u00ba, n.\u00ba 1, lit. f DSGVO. No caso de interesses vitais da pessoa em causa ou de outra pessoa f\u00edsica exigirem o processamento de dados pessoais, o art. 6 para. 1 lit. d DSGVO como base legal.<\/p>\n<p>Colabora\u00e7\u00e3o com processadores e terceiros<br \/>\nSe, no contexto do nosso processamento, divulgarmos dados a outras pessoas e empresas (processadores contratados ou terceiros), transmiti-los a eles ou conceder acesso aos dados, isso s\u00f3 ser\u00e1 feito com base em uma permiss\u00e3o legal ( por exemplo, se uma transmiss\u00e3o dos dados a terceiros, conforme exigido pelos prestadores de servi\u00e7os de pagamento, nos termos do artigo 6 (1) (b) GDPR para cumprir o contrato), voc\u00ea consentiu em uma obriga\u00e7\u00e3o legal ou com base em nossos interesses leg\u00edtimos ( por exemplo, o uso de agentes, webhosters, etc.).<\/p>\n<p>Se solicitarmos a terceiros que processem dados com base no chamado &#8220;contrato de processamento de contratos&#8221;, isso ser\u00e1 feito com base no art. 28 GDPR.<\/p>\n<p>Transfer\u00eancias para pa\u00edses terceiros<br \/>\nSe processarmos dados num pa\u00eds terceiro (ou seja, fora da Uni\u00e3o Europeia (UE) ou do Espa\u00e7o Econ\u00f3mico Europeu (EEE)) ou no contexto da utiliza\u00e7\u00e3o de servi\u00e7os de terceiros ou divulga\u00e7\u00e3o ou transmiss\u00e3o de dados a terceiros, isto ser\u00e1 apenas ser feito se for para cumprir nossas obriga\u00e7\u00f5es (pr\u00e9) contratuais, com base em seu consentimento, com base em uma obriga\u00e7\u00e3o legal ou com base em nossos interesses leg\u00edtimos. Sujeito a permiss\u00f5es legais ou contratuais, n\u00f3s processamos ou temos os dados processados \u200b\u200bem um terceiro pa\u00eds somente na presen\u00e7a das condi\u00e7\u00f5es especiais do art. 44 e segs. DSGVO. Que o processamento \u00e9, e. com base em garantias espec\u00edficas, como o n\u00edvel oficialmente reconhecido de prote\u00e7\u00e3o de dados (por exemplo, para os EUA atrav\u00e9s do Privacy Shield) ou o cumprimento de obriga\u00e7\u00f5es contratuais especiais oficialmente reconhecidas (as chamadas &#8220;cl\u00e1usulas contratuais-padr\u00e3o&#8221;).<br \/>\nDireitos dos titulares dos dados<br \/>\nVoc\u00ea tem o direito de solicitar a confirma\u00e7\u00e3o de que os dados em quest\u00e3o est\u00e3o sendo processados \u200b\u200be de informa\u00e7\u00f5es sobre esses dados, bem como informa\u00e7\u00f5es adicionais e uma c\u00f3pia dos dados de acordo com o art. 15 GDPR.<\/p>\n<p>Voc\u00ea tem em conformidade. Arte. 16 DSGVO o direito de exigir a conclus\u00e3o dos dados relativos a voc\u00ea ou a corre\u00e7\u00e3o dos dados incorretos relativos a voc\u00ea.<\/p>\n<p>De acordo com o art. 17 GDPR, eles t\u00eam o direito de exigir que os dados relevantes sejam exclu\u00eddos imediatamente ou, alternativamente, para exigir uma restri\u00e7\u00e3o do processamento de dados, em conformidade com o art. 18 GDPR.<\/p>\n<p>Voc\u00ea tem o direito de exigir que os dados relacionados a voc\u00ea, que voc\u00ea nos forneceu, sejam obtidos de acordo com o art. 20 GDPR e solicitar sua transmiss\u00e3o a outras pessoas respons\u00e1veis.<\/p>\n<p>Voc\u00ea tem gema. Arte. 77 DSGVO o direito de apresentar uma queixa \u00e0 autoridade de supervis\u00e3o competente.<br \/>\nRetirada<br \/>\nVoc\u00ea tem o direito de conceder consentimento de acordo com. Arte. 7 para. 3 DSGVO com efeito para o futuro<br \/>\ndireito de<br \/>\nVoc\u00ea pode se opor ao futuro processamento de seus dados, de acordo com o art. 21 GDPR a qualquer momento. A obje\u00e7\u00e3o pode, em particular, ser feita contra o processamento para fins de marketing direto.<br \/>\nCookies e direito de contestar a mala direta<br \/>\n&#8220;Cookies&#8221; s\u00e3o pequenos arquivos armazenados nos computadores dos usu\u00e1rios. Informa\u00e7\u00f5es diferentes podem ser armazenadas nos cookies. Um cookie \u00e9 usado principalmente para armazenar as informa\u00e7\u00f5es sobre um usu\u00e1rio (ou o dispositivo no qual o cookie \u00e9 armazenado) durante ou ap\u00f3s sua visita a uma oferta on-line. Os cookies tempor\u00e1rios, ou &#8220;cookies de sess\u00e3o&#8221; ou &#8220;cookies tempor\u00e1rios&#8221;, s\u00e3o cookies que s\u00e3o exclu\u00eddos depois que um usu\u00e1rio deixa um servi\u00e7o online e fecha seu navegador. Em tal cookie, e. o conte\u00fado de um carrinho de compras \u00e9 armazenado em uma loja online ou em um congestionamento de login. O termo &#8220;permanente&#8221; ou &#8220;persistente&#8221; refere-se a cookies que permanecem armazenados mesmo depois que o navegador foi fechado. Assim, por ex. o status de login ser\u00e1 salvo se os usu\u00e1rios o visitarem depois de v\u00e1rios dias. Da mesma forma, em tal cookie os interesses dos usu\u00e1rios podem ser armazenados, que s\u00e3o usados \u200b\u200bpara fins de medi\u00e7\u00e3o ou marketing de intervalo. Um &#8220;cookie de terceiros&#8221; refere-se a cookies que s\u00e3o oferecidos por fornecedores que n\u00e3o sejam a pessoa que gerencia a oferta on-line (caso contr\u00e1rio, se forem apenas seus cookies, isso \u00e9 chamado de &#8220;cookies prim\u00e1rios&#8221;).<\/p>\n<p>Podemos usar cookies tempor\u00e1rios e permanentes e esclarecer isso no contexto de nossa pol\u00edtica de privacidade.<\/p>\n<p>Se os usu\u00e1rios n\u00e3o quiserem cookies armazenados em seus computadores, eles ser\u00e3o solicitados a desativar a op\u00e7\u00e3o nas configura\u00e7\u00f5es do sistema do navegador. Os cookies salvos podem ser exclu\u00eddos nas configura\u00e7\u00f5es do sistema do navegador. A exclus\u00e3o de cookies pode levar a restri\u00e7\u00f5es funcionais desta oferta on-line.<\/p>\n<p>Uma contradi\u00e7\u00e3o geral ao uso de cookies usados \u200b\u200bpara fins de marketing on-line pode ser encontrada em uma variedade de servi\u00e7os, especialmente no caso de rastreamento, atrav\u00e9s do site americano http:\/\/www.aboutads.info\/choices\/ ou do site da UE http : \/\/www.youronlinechoices.com\/ ser explicado. Al\u00e9m disso, o armazenamento de cookies pode ser obtido desligando-os nas configura\u00e7\u00f5es do navegador. Por favor, note que nem todos os recursos desta oferta on-line podem ser usados.<\/p>\n<p>Exclus\u00e3o de dados<br \/>\nOs dados processados \u200b\u200bpor n\u00f3s s\u00e3o exclu\u00eddos ou limitados em seu processamento de acordo com os Artigos 17 e 18 do GDPR. A menos que explicitamente declarado nesta pol\u00edtica de privacidade, os dados armazenados por n\u00f3s ser\u00e3o exclu\u00eddos assim que n\u00e3o forem mais necess\u00e1rios para o prop\u00f3sito e a exclus\u00e3o n\u00e3o entrar em conflito com nenhum requisito de armazenamento estatut\u00e1rio. A menos que os dados sejam exclu\u00eddos porque s\u00e3o necess\u00e1rios para outros fins leg\u00edtimos, seu processamento ser\u00e1 restrito. Que os dados est\u00e3o bloqueados e n\u00e3o s\u00e3o processados \u200b\u200bpara outros fins. Isso se aplica, por exemplo, para dados que devem ser mantidos por motivos comerciais ou fiscais.<\/p>\n<p>De acordo com as exig\u00eancias legais na Alemanha, o armazenamento ocorre em particular por 6 anos conforme o \u00a7 257 par\u00e1grafo 1 do HGB (carteiras, estoques, balan\u00e7os de abertura, contas anuais, cartas comerciais, documentos cont\u00e1beis, etc.) e por 10 anos em de acordo com o \u00a7 147 Abs. 1 AO (livros, registros, relat\u00f3rios gerenciais, documentos cont\u00e1beis, cartas comerciais e comerciais, documentos relevantes para a tributa\u00e7\u00e3o, etc.).<\/p>\n<p>De acordo com as regulamenta\u00e7\u00f5es legais na \u00c1ustria, o armazenamento ocorre especialmente por 7 anos, de acordo com \u00a7 132 par\u00e1grafo 1 BAO (documentos cont\u00e1beis, recibos \/ faturas, contas, recibos, documentos comerciais, declara\u00e7\u00e3o de receitas e despesas, etc.), por 22 anos em liga\u00e7\u00e3o com os bens im\u00f3veis e por 10 anos no caso de documentos relativos a servi\u00e7os prestados por via electr\u00f3nica, telecomunica\u00e7\u00f5es, radiodifus\u00e3o e televis\u00e3o prestados a n\u00e3o empres\u00e1rios em Estados-Membros da UE e para os quais o Mini-One-Stop-Shop (MOSS) \u00e9 utilizado .<\/p>\n<p>hospedagem<br \/>\nOs servi\u00e7os de hospedagem que usamos destinam-se ao fornecimento dos seguintes servi\u00e7os: servi\u00e7os de infraestrutura e plataforma, capacidade de computa\u00e7\u00e3o, armazenamento e servi\u00e7os de banco de dados, servi\u00e7os de seguran\u00e7a e manuten\u00e7\u00e3o t\u00e9cnica que usamos para operar este servi\u00e7o online.<\/p>\n<p>Aqui, n\u00f3s, ou nosso provedor de hospedagem, processamos dados de invent\u00e1rio, dados de contato, dados de conte\u00fado, dados de contrato, dados de uso, meta e dados de comunica\u00e7\u00e3o de clientes, partes interessadas e visitantes desta oferta on-line com base em nossos interesses leg\u00edtimos. provis\u00e3o segura desta oferta online acc. Arte. 6 para. 1 lit. f DSGVO i.V.m. Arte. 28 DSGVO (conclus\u00e3o do contrato de processamento do contrato).<\/p>\n<p>contato<br \/>\nAo entrar em contato conosco (por exemplo, por formul\u00e1rio de contato, e-mail, telefone ou m\u00eddia social) as informa\u00e7\u00f5es do usu\u00e1rio para processar a solicita\u00e7\u00e3o de contato e seu processamento de acordo com. Arte. 6 para. 1 lit. b) DSGVO processado. As informa\u00e7\u00f5es do usu\u00e1rio podem ser armazenadas em um sistema de gerenciamento de relacionamento com o cliente (&#8220;sistema de CRM&#8221;) ou em uma organiza\u00e7\u00e3o de solicita\u00e7\u00f5es compar\u00e1vel.<\/p>\n<p>Exclu\u00edmos as solicita\u00e7\u00f5es, se elas n\u00e3o forem mais necess\u00e1rias. Verificamos a necessidade a cada dois anos; Al\u00e9m disso, as obriga\u00e7\u00f5es de arquivamento legal s\u00e3o aplic\u00e1veis.<br \/>\nPresen\u00e7a online em m\u00eddias sociais<br \/>\nMantemos a presen\u00e7a on-line nas redes sociais e nas plataformas para nos comunicarmos com clientes, poss\u00edveis usu\u00e1rios e usu\u00e1rios ativos e para inform\u00e1-los sobre nossos servi\u00e7os. Ao chamar as respectivas redes e plataformas, os termos e condi\u00e7\u00f5es e as diretrizes de processamento de dados aplicam-se a seus respectivos operadores.<\/p>\n<p>Salvo disposi\u00e7\u00e3o em contr\u00e1rio na nossa Pol\u00edtica de Privacidade, n\u00f3s processamos os dados dos usu\u00e1rios, desde que eles se comuniquem conosco nas redes sociais e plataformas, por exemplo. Escreva posts sobre nossa presen\u00e7a on-line ou envie-nos mensagens.<br \/>\nIntegra\u00e7\u00e3o de servi\u00e7os e conte\u00fados de terceiros<br \/>\nCom base em nossos interesses leg\u00edtimos (ou seja, interesse na an\u00e1lise, otimiza\u00e7\u00e3o e opera\u00e7\u00e3o econ\u00f4mica de nossa oferta on-line, conforme o significado do Art. 6 (1) lit. DSGVO), utilizamos o conte\u00fado ou os servi\u00e7os oferecidos por provedores terceirizados para para fornecer seus servi\u00e7os de conte\u00fado e servi\u00e7os, como Incluir v\u00eddeos ou fontes (coletivamente chamados de &#8220;conte\u00fado&#8221;).<\/p>\n<p>Isso sempre pressup\u00f5e que os provedores terceirizados deste conte\u00fado percebam o endere\u00e7o IP dos usu\u00e1rios, uma vez que n\u00e3o podem enviar o conte\u00fado para o navegador sem o endere\u00e7o IP. O endere\u00e7o IP \u00e9, portanto, necess\u00e1rio para a apresenta\u00e7\u00e3o deste conte\u00fado. N\u00f3s nos esfor\u00e7amos para usar somente conte\u00fado cujos respectivos provedores usam o endere\u00e7o IP somente para a entrega do conte\u00fado. Terceiros tamb\u00e9m podem usar as chamadas marcas de pixel (gr\u00e1ficos invis\u00edveis, tamb\u00e9m conhecidos como &#8220;web beacons&#8221;) para fins estat\u00edsticos ou de marketing. As &#8220;tags de pixel&#8221; podem ser usadas para avaliar informa\u00e7\u00f5es como o tr\u00e1fego de visitantes nas p\u00e1ginas deste site. As informa\u00e7\u00f5es sob pseud\u00f4nimo tamb\u00e9m podem ser armazenadas em cookies no dispositivo do usu\u00e1rio e podem incluir, mas n\u00e3o est\u00e3o limitadas a, informa\u00e7\u00f5es t\u00e9cnicas sobre o navegador e sistema operacional, p\u00e1ginas da Web, tempo de visita e outras informa\u00e7\u00f5es relacionadas ao uso de nossa oferta on-line.<\/p>\n<p><a class=\"dsg1-5\" href=\"https:\/\/datenschutz-generator.de\">Erstellt mit Datenschutz-Generator.de von RA Dr. Thomas Schwenke<\/a><\/p>","protected":false},"excerpt":{"rendered":"<p>Prote\u00e7\u00e3o de dados Esta Pol\u00edtica de Privacidade esclarece a natureza, o escopo e a finalidade do processamento de dados pessoais (doravante denominados &#8220;Dados&#8221;) em nossa oferta on-line e nos sites, recursos e conte\u00fado relacionados, bem como presen\u00e7a on-line externa, por exemplo nossos perfis de m\u00eddia social em. (coletivamente referido como &#8220;oferta on-line&#8221;). No que diz&hellip; <a href=\"https:\/\/peterlisboa.com\/pt\/datenschutz\/\" class=\"read-more\">Continue reading Pol\u00edtica de Privacidade<\/a><\/p>\n","protected":false},"author":1,"featured_media":0,"parent":0,"menu_order":0,"comment_status":"closed","ping_status":"closed","template":"","meta":[],"yoast_head":"<!-- This site is optimized with the Yoast SEO plugin v21.1 - https:\/\/yoast.com\/wordpress\/plugins\/seo\/ -->\n<title>Pol\u00edtica de Privacidade - Peter Lisboa<\/title>\n<meta name=\"robots\" content=\"noindex, nofollow\" \/>\n<meta name=\"twitter:label1\" content=\"Tempo estimado de leitura\" \/>\n\t<meta name=\"twitter:data1\" content=\"34 minutos\" \/>\n<script type=\"application\/ld+json\" class=\"yoast-schema-graph\">{\"@context\":\"https:\/\/schema.org\",\"@graph\":[{\"@type\":\"WebPage\",\"@id\":\"https:\/\/peterlisboa.com\/datenschutz\/\",\"url\":\"https:\/\/peterlisboa.com\/datenschutz\/\",\"name\":\"Pol\u00edtica de Privacidade - Peter Lisboa\",\"isPartOf\":{\"@id\":\"https:\/\/peterlisboa.com\/#website\"},\"datePublished\":\"2018-03-21T16:27:41+00:00\",\"dateModified\":\"2019-04-05T00:00:13+00:00\",\"breadcrumb\":{\"@id\":\"https:\/\/peterlisboa.com\/datenschutz\/#breadcrumb\"},\"inLanguage\":\"pt-PT\",\"potentialAction\":[{\"@type\":\"ReadAction\",\"target\":[\"https:\/\/peterlisboa.com\/datenschutz\/\"]}]},{\"@type\":\"BreadcrumbList\",\"@id\":\"https:\/\/peterlisboa.com\/datenschutz\/#breadcrumb\",\"itemListElement\":[{\"@type\":\"ListItem\",\"position\":1,\"name\":\"Startseite\",\"item\":\"https:\/\/peterlisboa.com\/\"},{\"@type\":\"ListItem\",\"position\":2,\"name\":\"Datenschutz\"}]},{\"@type\":\"WebSite\",\"@id\":\"https:\/\/peterlisboa.com\/#website\",\"url\":\"https:\/\/peterlisboa.com\/\",\"name\":\"Peter Lisboa\",\"description\":\"Acoustic Rock\",\"publisher\":{\"@id\":\"https:\/\/peterlisboa.com\/#organization\"},\"potentialAction\":[{\"@type\":\"SearchAction\",\"target\":{\"@type\":\"EntryPoint\",\"urlTemplate\":\"https:\/\/peterlisboa.com\/?s={search_term_string}\"},\"query-input\":\"required name=search_term_string\"}],\"inLanguage\":\"pt-PT\"},{\"@type\":\"Organization\",\"@id\":\"https:\/\/peterlisboa.com\/#organization\",\"name\":\"Peter Lisboa\",\"url\":\"https:\/\/peterlisboa.com\/\",\"logo\":{\"@type\":\"ImageObject\",\"inLanguage\":\"pt-PT\",\"@id\":\"https:\/\/peterlisboa.com\/#\/schema\/logo\/image\/\",\"url\":\"https:\/\/peterlisboa.com\/wp-content\/uploads\/2019\/04\/PL-e1554421659209.jpg\",\"contentUrl\":\"https:\/\/peterlisboa.com\/wp-content\/uploads\/2019\/04\/PL-e1554421659209.jpg\",\"width\":2000,\"height\":1331,\"caption\":\"Peter Lisboa\"},\"image\":{\"@id\":\"https:\/\/peterlisboa.com\/#\/schema\/logo\/image\/\"},\"sameAs\":[\"https:\/\/www.facebook.com\/BacktoTejo\",\"https:\/\/www.youtube.com\/user\/PeterLisboa66\"]}]}<\/script>\n<!-- \/ Yoast SEO plugin. -->","yoast_head_json":{"title":"Pol\u00edtica de Privacidade - Peter Lisboa","robots":{"index":"noindex","follow":"nofollow"},"twitter_misc":{"Tempo estimado de leitura":"34 minutos"},"schema":{"@context":"https:\/\/schema.org","@graph":[{"@type":"WebPage","@id":"https:\/\/peterlisboa.com\/datenschutz\/","url":"https:\/\/peterlisboa.com\/datenschutz\/","name":"Pol\u00edtica de Privacidade - Peter Lisboa","isPartOf":{"@id":"https:\/\/peterlisboa.com\/#website"},"datePublished":"2018-03-21T16:27:41+00:00","dateModified":"2019-04-05T00:00:13+00:00","breadcrumb":{"@id":"https:\/\/peterlisboa.com\/datenschutz\/#breadcrumb"},"inLanguage":"pt-PT","potentialAction":[{"@type":"ReadAction","target":["https:\/\/peterlisboa.com\/datenschutz\/"]}]},{"@type":"BreadcrumbList","@id":"https:\/\/peterlisboa.com\/datenschutz\/#breadcrumb","itemListElement":[{"@type":"ListItem","position":1,"name":"Startseite","item":"https:\/\/peterlisboa.com\/"},{"@type":"ListItem","position":2,"name":"Datenschutz"}]},{"@type":"WebSite","@id":"https:\/\/peterlisboa.com\/#website","url":"https:\/\/peterlisboa.com\/","name":"Peter Lisboa","description":"Acoustic Rock","publisher":{"@id":"https:\/\/peterlisboa.com\/#organization"},"potentialAction":[{"@type":"SearchAction","target":{"@type":"EntryPoint","urlTemplate":"https:\/\/peterlisboa.com\/?s={search_term_string}"},"query-input":"required name=search_term_string"}],"inLanguage":"pt-PT"},{"@type":"Organization","@id":"https:\/\/peterlisboa.com\/#organization","name":"Peter Lisboa","url":"https:\/\/peterlisboa.com\/","logo":{"@type":"ImageObject","inLanguage":"pt-PT","@id":"https:\/\/peterlisboa.com\/#\/schema\/logo\/image\/","url":"https:\/\/peterlisboa.com\/wp-content\/uploads\/2019\/04\/PL-e1554421659209.jpg","contentUrl":"https:\/\/peterlisboa.com\/wp-content\/uploads\/2019\/04\/PL-e1554421659209.jpg","width":2000,"height":1331,"caption":"Peter Lisboa"},"image":{"@id":"https:\/\/peterlisboa.com\/#\/schema\/logo\/image\/"},"sameAs":["https:\/\/www.facebook.com\/BacktoTejo","https:\/\/www.youtube.com\/user\/PeterLisboa66"]}]}},"_links":{"self":[{"href":"https:\/\/peterlisboa.com\/pt\/wp-json\/wp\/v2\/pages\/154"}],"collection":[{"href":"https:\/\/peterlisboa.com\/pt\/wp-json\/wp\/v2\/pages"}],"about":[{"href":"https:\/\/peterlisboa.com\/pt\/wp-json\/wp\/v2\/types\/page"}],"author":[{"embeddable":true,"href":"https:\/\/peterlisboa.com\/pt\/wp-json\/wp\/v2\/users\/1"}],"replies":[{"embeddable":true,"href":"https:\/\/peterlisboa.com\/pt\/wp-json\/wp\/v2\/comments?post=154"}],"version-history":[{"count":10,"href":"https:\/\/peterlisboa.com\/pt\/wp-json\/wp\/v2\/pages\/154\/revisions"}],"predecessor-version":[{"id":396,"href":"https:\/\/peterlisboa.com\/pt\/wp-json\/wp\/v2\/pages\/154\/revisions\/396"}],"wp:attachment":[{"href":"https:\/\/peterlisboa.com\/pt\/wp-json\/wp\/v2\/media?parent=154"}],"curies":[{"name":"wp","href":"https:\/\/api.w.org\/{rel}","templated":true}]}}